{"id":12,"date":"2025-10-06T12:01:02","date_gmt":"2025-10-06T12:01:02","guid":{"rendered":"https:\/\/hermacrule.rkinformatika.online\/?page_id=12"},"modified":"2025-10-07T11:06:02","modified_gmt":"2025-10-07T11:06:02","slug":"sobre-nosotros","status":"publish","type":"page","link":"https:\/\/hermacrule.es\/en\/sobre-nosotros\/","title":{"rendered":"About us"},"content":{"rendered":"<div data-elementor-type=\"wp-page\" data-elementor-id=\"12\" class=\"elementor elementor-12\" data-elementor-post-type=\"page\">\n\t\t\t\t<div class=\"elementor-element elementor-element-8efc98e e-flex e-con-boxed e-con e-parent\" data-id=\"8efc98e\" data-element_type=\"container\" data-e-type=\"container\" data-settings=\"{&quot;background_background&quot;:&quot;classic&quot;}\">\n\t\t\t\t\t<div class=\"e-con-inner\">\n\t\t\t\t<div class=\"elementor-element elementor-element-7dd80ab elementor-widget elementor-widget-heading\" data-id=\"7dd80ab\" data-element_type=\"widget\" data-e-type=\"widget\" data-widget_type=\"heading.default\">\n\t\t\t\t\t<h2 class=\"elementor-heading-title elementor-size-default\">About us<\/h2>\t\t\t\t<\/div>\n\t\t\t\t\t<\/div>\n\t\t\t\t<\/div>\n\t\t<div class=\"elementor-element elementor-element-f678cc6 e-flex e-con-boxed e-con e-parent\" data-id=\"f678cc6\" data-element_type=\"container\" data-e-type=\"container\">\n\t\t\t\t\t<div class=\"e-con-inner\">\n\t\t<div class=\"elementor-element elementor-element-37dc99f e-con-full e-flex e-con e-child\" data-id=\"37dc99f\" data-element_type=\"container\" data-e-type=\"container\">\n\t\t\t\t<div class=\"elementor-element elementor-element-7f5bca7 elementor-widget elementor-widget-heading\" data-id=\"7f5bca7\" data-element_type=\"widget\" data-e-type=\"widget\" data-widget_type=\"heading.default\">\n\t\t\t\t\t<h2 class=\"elementor-heading-title elementor-size-default\">Sobre Hermacrule S.L<\/h2>\t\t\t\t<\/div>\n\t\t\t\t<div class=\"elementor-element elementor-element-97990d3 elementor-widget elementor-widget-text-editor\" data-id=\"97990d3\" data-element_type=\"widget\" data-e-type=\"widget\" data-widget_type=\"text-editor.default\">\n\t\t\t\t\t\t\t\t\t<p data-start=\"123\" data-end=\"598\">Somos una empresa con un legado familiar dedicada a la construcci\u00f3n, especializada en obras, reformas y trabajos con maquinaria pesada. Equilibramos los requerimientos de calidad, alcance, tiempo y costes, adaptando las especificaciones y planes a las diversas necesidades e intereses de nuestros clientes. Desarrollamos nuestra labor en un entorno altamente motivado y de crecimiento para nuestro personal, respetando siempre el medio ambiente en el que nos desenvolvemos.<\/p><p data-start=\"600\" data-end=\"867\">Nuestro objetivo es lograr la plena satisfacci\u00f3n del cliente en cada obra y proyecto en el que participamos, bas\u00e1ndonos en nuestro capital humano, criterios de calidad, seguridad y respeto al entorno, cumpliendo de manera total y puntual todos nuestros compromisos.<\/p><p data-start=\"869\" data-end=\"1274\">Nuestra empresa nace en 2021 con la visi\u00f3n de ofrecer a nuestros clientes el m\u00e1ximo confort y dise\u00f1os especializados en inmuebles de calidad y garant\u00eda. Trabajamos cumpliendo con las normas t\u00e9cnicas vigentes y las m\u00e1s altas exigencias de calidad y seguridad, pero, sobre todo, nos aseguramos de cumplir y superar las expectativas de nuestros clientes, trabajando siempre con un enfoque de calidad total.<\/p>\t\t\t\t\t\t\t\t<\/div>\n\t\t\t\t<\/div>\n\t\t<div class=\"elementor-element elementor-element-0545f3d e-con-full elementor-hidden-tablet elementor-hidden-mobile e-flex e-con e-child\" data-id=\"0545f3d\" data-element_type=\"container\" data-e-type=\"container\" data-settings=\"{&quot;background_background&quot;:&quot;classic&quot;}\">\n\t\t\t\t<div class=\"elementor-element elementor-element-0d1a575 elementor-widget elementor-widget-image\" data-id=\"0d1a575\" data-element_type=\"widget\" data-e-type=\"widget\" data-widget_type=\"image.default\">\n\t\t\t\t\t\t\t\t\t\t\t\t\t\t\t<img fetchpriority=\"high\" decoding=\"async\" width=\"496\" height=\"368\" src=\"https:\/\/hermacrule.es\/wp-content\/uploads\/2025\/10\/cropped-Diseno-sin-titulo-e1759833560494.png\" class=\"attachment-large size-large wp-image-632\" alt=\"\" srcset=\"https:\/\/hermacrule.es\/wp-content\/uploads\/2025\/10\/cropped-Diseno-sin-titulo-e1759833560494.png 496w, https:\/\/hermacrule.es\/wp-content\/uploads\/2025\/10\/cropped-Diseno-sin-titulo-e1759833560494-300x223.png 300w, https:\/\/hermacrule.es\/wp-content\/uploads\/2025\/10\/cropped-Diseno-sin-titulo-e1759833560494-16x12.png 16w\" sizes=\"(max-width: 496px) 100vw, 496px\" \/>\t\t\t\t\t\t\t\t\t\t\t\t\t\t\t<\/div>\n\t\t\t\t<\/div>\n\t\t\t\t\t<\/div>\n\t\t\t\t<\/div>\n\t\t<div class=\"elementor-element elementor-element-89ad00b e-flex e-con-boxed e-con e-parent\" data-id=\"89ad00b\" data-element_type=\"container\" data-e-type=\"container\" data-settings=\"{&quot;background_background&quot;:&quot;classic&quot;}\">\n\t\t\t\t\t<div class=\"e-con-inner\">\n\t\t\t\t<div class=\"elementor-element elementor-element-71377a8 elementor-widget elementor-widget-heading\" data-id=\"71377a8\" data-element_type=\"widget\" data-e-type=\"widget\" data-widget_type=\"heading.default\">\n\t\t\t\t\t<h2 class=\"elementor-heading-title elementor-size-default\">\u00bfNecesitas reformas en tu casa o negocio?<\/h2>\t\t\t\t<\/div>\n\t\t\t\t<div class=\"elementor-element elementor-element-b63069e elementor-widget elementor-widget-text-editor\" data-id=\"b63069e\" data-element_type=\"widget\" data-e-type=\"widget\" data-widget_type=\"text-editor.default\">\n\t\t\t\t\t\t\t\t\t<p>Nos encargamos de todo el proceso, desde el dise\u00f1o hasta la ejecuci\u00f3n<br \/>adapt\u00e1ndonos a tu presupuesto.<\/p>\t\t\t\t\t\t\t\t<\/div>\n\t\t\t\t<div class=\"elementor-element elementor-element-2e32d7f elementor-widget elementor-widget-button\" data-id=\"2e32d7f\" data-element_type=\"widget\" data-e-type=\"widget\" data-widget_type=\"button.default\">\n\t\t\t\t\t\t\t\t\t\t<a class=\"elementor-button elementor-button-link elementor-size-sm elementor-animation-grow\" href=\"\/en\/contacto\/\">\n\t\t\t\t\t\t<span class=\"elementor-button-content-wrapper\">\n\t\t\t\t\t\t\t\t\t<span class=\"elementor-button-text\">Request a Quote<\/span>\n\t\t\t\t\t<\/span>\n\t\t\t\t\t<\/a>\n\t\t\t\t\t\t\t\t<\/div>\n\t\t\t\t\t<\/div>\n\t\t\t\t<\/div>\n\t\t\t\t<\/div>","protected":false},"excerpt":{"rendered":"<p>Sobre Nosotros Sobre Hermacrule S.L Somos una empresa con un legado familiar dedicada a la construcci\u00f3n, especializada en obras, reformas y trabajos con maquinaria pesada. Equilibramos los requerimientos de calidad, alcance, tiempo y costes, adaptando las especificaciones y planes a las diversas necesidades e intereses de nuestros clientes. Desarrollamos nuestra labor en un entorno altamente [&hellip;]<\/p>\n","protected":false},"author":1,"featured_media":0,"parent":0,"menu_order":0,"comment_status":"closed","ping_status":"closed","template":"elementor_canvas","meta":{"footnotes":""},"class_list":["post-12","page","type-page","status-publish","hentry"],"yoast_head":"<!-- This site is optimized with the Yoast SEO plugin v27.3 - https:\/\/yoast.com\/product\/yoast-seo-wordpress\/ -->\n<title>Sobre Nosotros - Hermacrule S.L<\/title>\n<meta name=\"robots\" content=\"index, follow, max-snippet:-1, max-image-preview:large, max-video-preview:-1\" \/>\n<link rel=\"canonical\" href=\"https:\/\/hermacrule.es\/en\/sobre-nosotros\/\" \/>\n<meta property=\"og:locale\" content=\"en_GB\" \/>\n<meta property=\"og:type\" content=\"article\" \/>\n<meta property=\"og:title\" content=\"Sobre Nosotros - Hermacrule S.L\" \/>\n<meta property=\"og:description\" content=\"Sobre Nosotros Sobre Hermacrule S.L Somos una empresa con un legado familiar dedicada a la construcci\u00f3n, especializada en obras, reformas y trabajos con maquinaria pesada. Equilibramos los requerimientos de calidad, alcance, tiempo y costes, adaptando las especificaciones y planes a las diversas necesidades e intereses de nuestros clientes. Desarrollamos nuestra labor en un entorno altamente [&hellip;]\" \/>\n<meta property=\"og:url\" content=\"https:\/\/hermacrule.es\/en\/sobre-nosotros\/\" \/>\n<meta property=\"og:site_name\" content=\"Hermacrule S.L\" \/>\n<meta property=\"article:modified_time\" content=\"2025-10-07T11:06:02+00:00\" \/>\n<meta property=\"og:image\" content=\"https:\/\/hermacrule.es\/wp-content\/uploads\/2025\/10\/cropped-Diseno-sin-titulo-e1759833560494.png\" \/>\n<meta name=\"twitter:card\" content=\"summary_large_image\" \/>\n<meta name=\"twitter:label1\" content=\"Estimated reading time\" \/>\n\t<meta name=\"twitter:data1\" content=\"1 minute\" \/>\n<script type=\"application\/ld+json\" class=\"yoast-schema-graph\">{\"@context\":\"https:\\\/\\\/schema.org\",\"@graph\":[{\"@type\":\"WebPage\",\"@id\":\"https:\\\/\\\/hermacrule.es\\\/sobre-nosotros\\\/\",\"url\":\"https:\\\/\\\/hermacrule.es\\\/sobre-nosotros\\\/\",\"name\":\"Sobre Nosotros - Hermacrule S.L\",\"isPartOf\":{\"@id\":\"https:\\\/\\\/hermacrule.es\\\/#website\"},\"primaryImageOfPage\":{\"@id\":\"https:\\\/\\\/hermacrule.es\\\/sobre-nosotros\\\/#primaryimage\"},\"image\":{\"@id\":\"https:\\\/\\\/hermacrule.es\\\/sobre-nosotros\\\/#primaryimage\"},\"thumbnailUrl\":\"https:\\\/\\\/hermacrule.es\\\/wp-content\\\/uploads\\\/2025\\\/10\\\/cropped-Diseno-sin-titulo-e1759833560494.png\",\"datePublished\":\"2025-10-06T12:01:02+00:00\",\"dateModified\":\"2025-10-07T11:06:02+00:00\",\"breadcrumb\":{\"@id\":\"https:\\\/\\\/hermacrule.es\\\/sobre-nosotros\\\/#breadcrumb\"},\"inLanguage\":\"en-GB\",\"potentialAction\":[{\"@type\":\"ReadAction\",\"target\":[\"https:\\\/\\\/hermacrule.es\\\/sobre-nosotros\\\/\"]}]},{\"@type\":\"ImageObject\",\"inLanguage\":\"en-GB\",\"@id\":\"https:\\\/\\\/hermacrule.es\\\/sobre-nosotros\\\/#primaryimage\",\"url\":\"https:\\\/\\\/hermacrule.es\\\/wp-content\\\/uploads\\\/2025\\\/10\\\/cropped-Diseno-sin-titulo-e1759833560494.png\",\"contentUrl\":\"https:\\\/\\\/hermacrule.es\\\/wp-content\\\/uploads\\\/2025\\\/10\\\/cropped-Diseno-sin-titulo-e1759833560494.png\"},{\"@type\":\"BreadcrumbList\",\"@id\":\"https:\\\/\\\/hermacrule.es\\\/sobre-nosotros\\\/#breadcrumb\",\"itemListElement\":[{\"@type\":\"ListItem\",\"position\":1,\"name\":\"Portada\",\"item\":\"https:\\\/\\\/hermacrule.es\\\/\"},{\"@type\":\"ListItem\",\"position\":2,\"name\":\"Sobre Nosotros\"}]},{\"@type\":\"WebSite\",\"@id\":\"https:\\\/\\\/hermacrule.es\\\/#website\",\"url\":\"https:\\\/\\\/hermacrule.es\\\/\",\"name\":\"Hermacrule S.L\",\"description\":\"\",\"publisher\":{\"@id\":\"https:\\\/\\\/hermacrule.es\\\/#organization\"},\"potentialAction\":[{\"@type\":\"SearchAction\",\"target\":{\"@type\":\"EntryPoint\",\"urlTemplate\":\"https:\\\/\\\/hermacrule.es\\\/?s={search_term_string}\"},\"query-input\":{\"@type\":\"PropertyValueSpecification\",\"valueRequired\":true,\"valueName\":\"search_term_string\"}}],\"inLanguage\":\"en-GB\"},{\"@type\":\"Organization\",\"@id\":\"https:\\\/\\\/hermacrule.es\\\/#organization\",\"name\":\"Hermacrule S.L\",\"url\":\"https:\\\/\\\/hermacrule.es\\\/\",\"logo\":{\"@type\":\"ImageObject\",\"inLanguage\":\"en-GB\",\"@id\":\"https:\\\/\\\/hermacrule.es\\\/#\\\/schema\\\/logo\\\/image\\\/\",\"url\":\"https:\\\/\\\/hermacrule.es\\\/wp-content\\\/uploads\\\/2025\\\/10\\\/cropped-Diseno-sin-titulo-e1759833560494.png\",\"contentUrl\":\"https:\\\/\\\/hermacrule.es\\\/wp-content\\\/uploads\\\/2025\\\/10\\\/cropped-Diseno-sin-titulo-e1759833560494.png\",\"width\":496,\"height\":368,\"caption\":\"Hermacrule S.L\"},\"image\":{\"@id\":\"https:\\\/\\\/hermacrule.es\\\/#\\\/schema\\\/logo\\\/image\\\/\"}}]}<\/script>\n<!-- \/ Yoast SEO plugin. -->","yoast_head_json":{"title":"Sobre Nosotros - Hermacrule S.L","robots":{"index":"index","follow":"follow","max-snippet":"max-snippet:-1","max-image-preview":"max-image-preview:large","max-video-preview":"max-video-preview:-1"},"canonical":"https:\/\/hermacrule.es\/en\/sobre-nosotros\/","og_locale":"en_GB","og_type":"article","og_title":"Sobre Nosotros - Hermacrule S.L","og_description":"Sobre Nosotros Sobre Hermacrule S.L Somos una empresa con un legado familiar dedicada a la construcci\u00f3n, especializada en obras, reformas y trabajos con maquinaria pesada. Equilibramos los requerimientos de calidad, alcance, tiempo y costes, adaptando las especificaciones y planes a las diversas necesidades e intereses de nuestros clientes. Desarrollamos nuestra labor en un entorno altamente [&hellip;]","og_url":"https:\/\/hermacrule.es\/en\/sobre-nosotros\/","og_site_name":"Hermacrule S.L","article_modified_time":"2025-10-07T11:06:02+00:00","og_image":[{"url":"https:\/\/hermacrule.es\/wp-content\/uploads\/2025\/10\/cropped-Diseno-sin-titulo-e1759833560494.png","type":"","width":"","height":""}],"twitter_card":"summary_large_image","twitter_misc":{"Estimated reading time":"1 minute"},"schema":{"@context":"https:\/\/schema.org","@graph":[{"@type":"WebPage","@id":"https:\/\/hermacrule.es\/sobre-nosotros\/","url":"https:\/\/hermacrule.es\/sobre-nosotros\/","name":"Sobre Nosotros - Hermacrule S.L","isPartOf":{"@id":"https:\/\/hermacrule.es\/#website"},"primaryImageOfPage":{"@id":"https:\/\/hermacrule.es\/sobre-nosotros\/#primaryimage"},"image":{"@id":"https:\/\/hermacrule.es\/sobre-nosotros\/#primaryimage"},"thumbnailUrl":"https:\/\/hermacrule.es\/wp-content\/uploads\/2025\/10\/cropped-Diseno-sin-titulo-e1759833560494.png","datePublished":"2025-10-06T12:01:02+00:00","dateModified":"2025-10-07T11:06:02+00:00","breadcrumb":{"@id":"https:\/\/hermacrule.es\/sobre-nosotros\/#breadcrumb"},"inLanguage":"en-GB","potentialAction":[{"@type":"ReadAction","target":["https:\/\/hermacrule.es\/sobre-nosotros\/"]}]},{"@type":"ImageObject","inLanguage":"en-GB","@id":"https:\/\/hermacrule.es\/sobre-nosotros\/#primaryimage","url":"https:\/\/hermacrule.es\/wp-content\/uploads\/2025\/10\/cropped-Diseno-sin-titulo-e1759833560494.png","contentUrl":"https:\/\/hermacrule.es\/wp-content\/uploads\/2025\/10\/cropped-Diseno-sin-titulo-e1759833560494.png"},{"@type":"BreadcrumbList","@id":"https:\/\/hermacrule.es\/sobre-nosotros\/#breadcrumb","itemListElement":[{"@type":"ListItem","position":1,"name":"Portada","item":"https:\/\/hermacrule.es\/"},{"@type":"ListItem","position":2,"name":"Sobre Nosotros"}]},{"@type":"WebSite","@id":"https:\/\/hermacrule.es\/#website","url":"https:\/\/hermacrule.es\/","name":"Hermacrule S.L","description":"","publisher":{"@id":"https:\/\/hermacrule.es\/#organization"},"potentialAction":[{"@type":"SearchAction","target":{"@type":"EntryPoint","urlTemplate":"https:\/\/hermacrule.es\/?s={search_term_string}"},"query-input":{"@type":"PropertyValueSpecification","valueRequired":true,"valueName":"search_term_string"}}],"inLanguage":"en-GB"},{"@type":"Organization","@id":"https:\/\/hermacrule.es\/#organization","name":"Hermacrule S.L","url":"https:\/\/hermacrule.es\/","logo":{"@type":"ImageObject","inLanguage":"en-GB","@id":"https:\/\/hermacrule.es\/#\/schema\/logo\/image\/","url":"https:\/\/hermacrule.es\/wp-content\/uploads\/2025\/10\/cropped-Diseno-sin-titulo-e1759833560494.png","contentUrl":"https:\/\/hermacrule.es\/wp-content\/uploads\/2025\/10\/cropped-Diseno-sin-titulo-e1759833560494.png","width":496,"height":368,"caption":"Hermacrule S.L"},"image":{"@id":"https:\/\/hermacrule.es\/#\/schema\/logo\/image\/"}}]}},"_links":{"self":[{"href":"https:\/\/hermacrule.es\/en\/wp-json\/wp\/v2\/pages\/12","targetHints":{"allow":["GET"]}}],"collection":[{"href":"https:\/\/hermacrule.es\/en\/wp-json\/wp\/v2\/pages"}],"about":[{"href":"https:\/\/hermacrule.es\/en\/wp-json\/wp\/v2\/types\/page"}],"author":[{"embeddable":true,"href":"https:\/\/hermacrule.es\/en\/wp-json\/wp\/v2\/users\/1"}],"replies":[{"embeddable":true,"href":"https:\/\/hermacrule.es\/en\/wp-json\/wp\/v2\/comments?post=12"}],"version-history":[{"count":229,"href":"https:\/\/hermacrule.es\/en\/wp-json\/wp\/v2\/pages\/12\/revisions"}],"predecessor-version":[{"id":872,"href":"https:\/\/hermacrule.es\/en\/wp-json\/wp\/v2\/pages\/12\/revisions\/872"}],"wp:attachment":[{"href":"https:\/\/hermacrule.es\/en\/wp-json\/wp\/v2\/media?parent=12"}],"curies":[{"name":"wp","href":"https:\/\/api.w.org\/{rel}","templated":true}]}}